{"id":2271,"date":"2024-10-21T19:23:30","date_gmt":"2024-10-21T19:23:30","guid":{"rendered":"https:\/\/new.gal-ceahlau.ro\/?page_id=2271"},"modified":"2025-10-15T07:19:55","modified_gmt":"2025-10-15T07:19:55","slug":"activitati","status":"publish","type":"page","link":"https:\/\/new.gal-ceahlau.ro\/index.php\/activitati\/","title":{"rendered":"ACTIVIT\u0102\u0162I"},"content":{"rendered":"\t\t<div data-elementor-type=\"wp-page\" data-elementor-id=\"2271\" class=\"elementor elementor-2271\">\n\t\t\t\t<div class=\"elementor-element elementor-element-fa8d69e e-flex e-con-boxed e-con e-parent\" data-id=\"fa8d69e\" data-element_type=\"container\" data-settings=\"{&quot;background_background&quot;:&quot;classic&quot;}\">\n\t\t\t\t\t<div class=\"e-con-inner\">\n\t\t\t\t<div class=\"elementor-element elementor-element-55b1142e elementor-widget elementor-widget-heading\" data-id=\"55b1142e\" data-element_type=\"widget\" data-widget_type=\"heading.default\">\n\t\t\t\t<div class=\"elementor-widget-container\">\n\t\t\t\t\t<h2 class=\"elementor-heading-title elementor-size-default\">STRATEGIA DE DEZVOLTARE LOCAL\u0102<\/h2>\t\t\t\t<\/div>\n\t\t\t\t<\/div>\n\t\t\t\t\t<\/div>\n\t\t\t\t<\/div>\n\t\t<div class=\"elementor-element elementor-element-22447c82 e-flex e-con-boxed e-con e-parent\" data-id=\"22447c82\" data-element_type=\"container\">\n\t\t\t\t\t<div class=\"e-con-inner\">\n\t\t<div class=\"elementor-element elementor-element-4db90c5 e-con-full e-flex e-con e-child\" data-id=\"4db90c5\" data-element_type=\"container\">\n\t\t\t\t<div class=\"elementor-element elementor-element-63fabaf0 elementor-position-left elementor-position-top elementor-vertical-align-top elementor-widget elementor-widget-image-box\" data-id=\"63fabaf0\" data-element_type=\"widget\" data-widget_type=\"image-box.default\">\n\t\t\t\t<div class=\"elementor-widget-container\">\n\t\t\t\t\t<div class=\"elementor-image-box-wrapper\"><figure class=\"elementor-image-box-img\"><a href=\"https:\/\/new.gal-ceahlau.ro\/index.php\/plan-anual-de-activitati\/\" tabindex=\"-1\"><img decoding=\"async\" width=\"183\" height=\"118\" src=\"https:\/\/new.gal-ceahlau.ro\/wp-content\/uploads\/2024\/10\/default.jpg\" class=\"attachment-medium size-medium wp-image-2081\" alt=\"\" \/><\/a><\/figure><div class=\"elementor-image-box-content\"><h3 class=\"elementor-image-box-title\"><a href=\"https:\/\/new.gal-ceahlau.ro\/index.php\/plan-anual-de-activitati\/\">Plan anual de activitati<\/a><\/h3><\/div><\/div>\t\t\t\t<\/div>\n\t\t\t\t<\/div>\n\t\t\t\t<div class=\"elementor-element elementor-element-7b233805 elementor-position-left elementor-position-top elementor-vertical-align-top elementor-widget elementor-widget-image-box\" data-id=\"7b233805\" data-element_type=\"widget\" data-widget_type=\"image-box.default\">\n\t\t\t\t<div class=\"elementor-widget-container\">\n\t\t\t\t\t<div class=\"elementor-image-box-wrapper\"><figure class=\"elementor-image-box-img\"><a href=\"https:\/\/new.gal-ceahlau.ro\/index.php\/plan-trimestrial-de-activitati\/\" tabindex=\"-1\"><img decoding=\"async\" width=\"183\" height=\"118\" src=\"https:\/\/new.gal-ceahlau.ro\/wp-content\/uploads\/2024\/10\/default.jpg\" class=\"attachment-medium size-medium wp-image-2081\" alt=\"\" \/><\/a><\/figure><div class=\"elementor-image-box-content\"><h3 class=\"elementor-image-box-title\"><a href=\"https:\/\/new.gal-ceahlau.ro\/index.php\/plan-trimestrial-de-activitati\/\">Plan trimestrial de activit\u0103\u021bi<\/a><\/h3><\/div><\/div>\t\t\t\t<\/div>\n\t\t\t\t<\/div>\n\t\t\t\t<div class=\"elementor-element elementor-element-341da6cf elementor-position-left elementor-position-top elementor-vertical-align-top elementor-widget elementor-widget-image-box\" data-id=\"341da6cf\" data-element_type=\"widget\" data-widget_type=\"image-box.default\">\n\t\t\t\t<div class=\"elementor-widget-container\">\n\t\t\t\t\t<div class=\"elementor-image-box-wrapper\"><figure class=\"elementor-image-box-img\"><a href=\"https:\/\/new.gal-ceahlau.ro\/index.php\/intalniri-de-animare-in-preambulul-lansarii-apelurilor\/\" tabindex=\"-1\"><img decoding=\"async\" width=\"183\" height=\"118\" src=\"https:\/\/new.gal-ceahlau.ro\/wp-content\/uploads\/2024\/10\/default.jpg\" class=\"attachment-medium size-medium wp-image-2081\" alt=\"\" \/><\/a><\/figure><div class=\"elementor-image-box-content\"><h3 class=\"elementor-image-box-title\"><a href=\"https:\/\/new.gal-ceahlau.ro\/index.php\/intalniri-de-animare-in-preambulul-lansarii-apelurilor\/\">\u00cent\u00e2lniri de animare \u00een preambulul lansarii apelurilor<\/a><\/h3><\/div><\/div>\t\t\t\t<\/div>\n\t\t\t\t<\/div>\n\t\t\t\t<div class=\"elementor-element elementor-element-5e53e7bd elementor-position-left elementor-position-top elementor-vertical-align-top elementor-widget elementor-widget-image-box\" data-id=\"5e53e7bd\" data-element_type=\"widget\" data-widget_type=\"image-box.default\">\n\t\t\t\t<div class=\"elementor-widget-container\">\n\t\t\t\t\t<div class=\"elementor-image-box-wrapper\"><figure class=\"elementor-image-box-img\"><a href=\"https:\/\/new.gal-ceahlau.ro\/index.php\/alte-intalniri-de-animare\/\" tabindex=\"-1\"><img decoding=\"async\" width=\"183\" height=\"118\" src=\"https:\/\/new.gal-ceahlau.ro\/wp-content\/uploads\/2024\/10\/default.jpg\" class=\"attachment-medium size-medium wp-image-2081\" alt=\"\" \/><\/a><\/figure><div class=\"elementor-image-box-content\"><h3 class=\"elementor-image-box-title\"><a href=\"https:\/\/new.gal-ceahlau.ro\/index.php\/alte-intalniri-de-animare\/\">Alte \u00eent\u00e2lniri de animare<\/a><\/h3><\/div><\/div>\t\t\t\t<\/div>\n\t\t\t\t<\/div>\n\t\t\t\t<div class=\"elementor-element elementor-element-a4cdcbd elementor-position-left elementor-position-top elementor-vertical-align-top elementor-widget elementor-widget-image-box\" data-id=\"a4cdcbd\" data-element_type=\"widget\" data-widget_type=\"image-box.default\">\n\t\t\t\t<div class=\"elementor-widget-container\">\n\t\t\t\t\t<div class=\"elementor-image-box-wrapper\"><figure class=\"elementor-image-box-img\"><a href=\"https:\/\/new.gal-ceahlau.ro\/index.php\/evenimente-locale\/\" tabindex=\"-1\"><img decoding=\"async\" width=\"183\" height=\"118\" src=\"https:\/\/new.gal-ceahlau.ro\/wp-content\/uploads\/2024\/10\/default.jpg\" class=\"attachment-medium size-medium wp-image-2081\" alt=\"\" \/><\/a><\/figure><div class=\"elementor-image-box-content\"><h3 class=\"elementor-image-box-title\"><a href=\"https:\/\/new.gal-ceahlau.ro\/index.php\/evenimente-locale\/\">Evenimente locale<\/a><\/h3><\/div><\/div>\t\t\t\t<\/div>\n\t\t\t\t<\/div>\n\t\t\t\t<div class=\"elementor-element elementor-element-8d3d99d elementor-position-left elementor-position-top elementor-vertical-align-top elementor-widget elementor-widget-image-box\" data-id=\"8d3d99d\" data-element_type=\"widget\" data-widget_type=\"image-box.default\">\n\t\t\t\t<div class=\"elementor-widget-container\">\n\t\t\t\t\t<div class=\"elementor-image-box-wrapper\"><figure class=\"elementor-image-box-img\"><a href=\"https:\/\/new.gal-ceahlau.ro\/index.php\/vizite-de-bune-practici\/\" tabindex=\"-1\"><img decoding=\"async\" width=\"183\" height=\"118\" src=\"https:\/\/new.gal-ceahlau.ro\/wp-content\/uploads\/2024\/10\/default.jpg\" class=\"attachment-medium size-medium wp-image-2081\" alt=\"\" \/><\/a><\/figure><div class=\"elementor-image-box-content\"><h3 class=\"elementor-image-box-title\"><a href=\"https:\/\/new.gal-ceahlau.ro\/index.php\/vizite-de-bune-practici\/\">Vizite de bune practici <\/a><\/h3><\/div><\/div>\t\t\t\t<\/div>\n\t\t\t\t<\/div>\n\t\t\t\t<div class=\"elementor-element elementor-element-ad5449c elementor-position-left elementor-position-top elementor-vertical-align-top elementor-widget elementor-widget-image-box\" data-id=\"ad5449c\" data-element_type=\"widget\" data-widget_type=\"image-box.default\">\n\t\t\t\t<div class=\"elementor-widget-container\">\n\t\t\t\t\t<div class=\"elementor-image-box-wrapper\"><figure class=\"elementor-image-box-img\"><a href=\"https:\/\/new.gal-ceahlau.ro\/index.php\/vizite-de-bune-practici\/\" tabindex=\"-1\"><img decoding=\"async\" width=\"183\" height=\"118\" src=\"https:\/\/new.gal-ceahlau.ro\/wp-content\/uploads\/2024\/10\/default.jpg\" class=\"attachment-medium size-medium wp-image-2081\" alt=\"\" \/><\/a><\/figure><div class=\"elementor-image-box-content\"><h3 class=\"elementor-image-box-title\"><a href=\"https:\/\/new.gal-ceahlau.ro\/index.php\/vizite-de-bune-practici\/\">Activit\u0103\u021bi \u0219i ini\u021biative locale<\/a><\/h3><\/div><\/div>\t\t\t\t<\/div>\n\t\t\t\t<\/div>\n\t\t\t\t<\/div>\n\t\t\t\t\t<\/div>\n\t\t\t\t<\/div>\n\t\t\t\t<\/div>\n\t\t","protected":false},"excerpt":{"rendered":"<p>STRATEGIA DE DEZVOLTARE LOCAL\u0102 Plan anual de activitati Plan trimestrial de activit\u0103\u021bi \u00cent\u00e2lniri de animare \u00een preambulul lansarii apelurilor Alte \u00eent\u00e2lniri de animare Evenimente locale Vizite de bune practici Activit\u0103\u021bi [&hellip;]<\/p>\n","protected":false},"author":1,"featured_media":0,"parent":0,"menu_order":0,"comment_status":"closed","ping_status":"closed","template":"elementor_header_footer","meta":{"footnotes":""},"class_list":["post-2271","page","type-page","status-publish","hentry"],"_links":{"self":[{"href":"https:\/\/new.gal-ceahlau.ro\/index.php\/wp-json\/wp\/v2\/pages\/2271","targetHints":{"allow":["GET"]}}],"collection":[{"href":"https:\/\/new.gal-ceahlau.ro\/index.php\/wp-json\/wp\/v2\/pages"}],"about":[{"href":"https:\/\/new.gal-ceahlau.ro\/index.php\/wp-json\/wp\/v2\/types\/page"}],"author":[{"embeddable":true,"href":"https:\/\/new.gal-ceahlau.ro\/index.php\/wp-json\/wp\/v2\/users\/1"}],"replies":[{"embeddable":true,"href":"https:\/\/new.gal-ceahlau.ro\/index.php\/wp-json\/wp\/v2\/comments?post=2271"}],"version-history":[{"count":10,"href":"https:\/\/new.gal-ceahlau.ro\/index.php\/wp-json\/wp\/v2\/pages\/2271\/revisions"}],"predecessor-version":[{"id":3016,"href":"https:\/\/new.gal-ceahlau.ro\/index.php\/wp-json\/wp\/v2\/pages\/2271\/revisions\/3016"}],"wp:attachment":[{"href":"https:\/\/new.gal-ceahlau.ro\/index.php\/wp-json\/wp\/v2\/media?parent=2271"}],"curies":[{"name":"wp","href":"https:\/\/api.w.org\/{rel}","templated":true}]}}