{"id":2260,"date":"2024-10-21T19:08:10","date_gmt":"2024-10-21T19:08:10","guid":{"rendered":"https:\/\/new.gal-ceahlau.ro\/?page_id=2260"},"modified":"2026-01-14T13:25:03","modified_gmt":"2026-01-14T13:25:03","slug":"rapoarte-de-contestatii","status":"publish","type":"page","link":"https:\/\/new.gal-ceahlau.ro\/index.php\/rapoarte-de-contestatii\/","title":{"rendered":"Rapoarte de contesta\u0163ii"},"content":{"rendered":"\t\t<div data-elementor-type=\"wp-page\" data-elementor-id=\"2260\" class=\"elementor elementor-2260\">\n\t\t\t\t<div class=\"elementor-element elementor-element-26024cf1 e-flex e-con-boxed e-con e-parent\" data-id=\"26024cf1\" data-element_type=\"container\" data-settings=\"{&quot;background_background&quot;:&quot;classic&quot;}\">\n\t\t\t\t\t<div class=\"e-con-inner\">\n\t\t\t\t<div class=\"elementor-element elementor-element-367b3ade elementor-widget elementor-widget-heading\" data-id=\"367b3ade\" data-element_type=\"widget\" data-widget_type=\"heading.default\">\n\t\t\t\t<div class=\"elementor-widget-container\">\n\t\t\t\t\t<h2 class=\"elementor-heading-title elementor-size-default\">Rapoarte de contesta\u0163ii<\/h2>\t\t\t\t<\/div>\n\t\t\t\t<\/div>\n\t\t\t\t\t<\/div>\n\t\t\t\t<\/div>\n\t\t<div class=\"elementor-element elementor-element-252c69a e-flex e-con-boxed e-con e-parent\" data-id=\"252c69a\" data-element_type=\"container\">\n\t\t\t\t\t<div class=\"e-con-inner\">\n\t\t\t\t<div class=\"elementor-element elementor-element-1c816c9 elementor-widget elementor-widget-text-editor\" data-id=\"1c816c9\" data-element_type=\"widget\" data-widget_type=\"text-editor.default\">\n\t\t\t\t<div class=\"elementor-widget-container\">\n\t\t\t\t\t\t\t\t\t<div class=\"x11i5rnm xat24cr x1mh8g0r x1vvkbs xtlvy1s x126k92a\"><div dir=\"auto\">\u00a0<\/div><div dir=\"auto\">\u00a0<\/div><div dir=\"auto\" style=\"text-align: center;\"><div class=\"x11i5rnm xat24cr x1mh8g0r x1vvkbs xtlvy1s x126k92a\"><h4 dir=\"auto\">Publicare Rapoarte privind rezultatul verific\u0103rii contesta\u021biilor<\/h4><\/div><div dir=\"auto\">\u00cen cadrul \u0218edin\u021bei Comisiei de Solu\u021bionare a Contesta\u021biilor Asocia\u021biei Grupul de Ac\u021biune Local\u0103 Ceahl\u0103u ce a avut loc on-line \u00een data de 14 ianuarie 2026, au fost aprobate rapoartele de privind rezultatul verific\u0103rii contesta\u021biilor depuse de solicitan\u021bi prin care au contestat rezultatul evalu\u0103rii \u0219i selec\u021biei\u00a0 consembnate \u00een Rapoartele intermediare de selec\u021bie \u00eentocmite pentru interven\u021biile lansate pe data de 2 octombrie 2025:<\/div><div dir=\"auto\">\u2013 <b><a href=\"https:\/\/new.gal-ceahlau.ro\/wp-content\/uploads\/2026\/01\/Raport-de-contestatii-I2-semnat.pdf\">Raportul privind rezultatul verific\u0103rii contestatiilor nr. 11\/ 14.01.2026<\/a> &#8211; <\/b>pentru Apelul de selec\u021bie nr. 1 lansat pentru\u00a0<strong>Interven\u021bia 2 \u2013 ( L806-L815) \u00cenfiin\u021barea de activit\u0103\u021bi neagricole in baza unui plan de afaceri, pentru femei \u0219i tineri<\/strong><\/div><div dir=\"auto\"><p>\u2013 <a href=\"https:\/\/new.gal-ceahlau.ro\/wp-content\/uploads\/2026\/01\/Raport-de-contestatii-I3-semnat.pdf\">Raportul privind rezultatul verific\u0103rii contesta\u021biilor nr. 12\/ 14.01.2026 &#8211;<\/a>\u00a0pentru Apelul de selec\u021bie nr. 1 lansat pentru\u00a0<strong>Interven\u021bia 3 \u2013 ( L806) Sprijin pentru \u00eenfiin\u021barea de activit\u0103\u021bi neagricole \u00een baza unui plan de afaceri<\/strong><\/p><div dir=\"auto\">\u00a0<\/div><\/div><div dir=\"auto\" style=\"text-align: left;\"><em>Anun\u021b publicat in data de 14.01.2026<\/em><\/div><\/div><\/div>\t\t\t\t\t\t\t\t<\/div>\n\t\t\t\t<\/div>\n\t\t\t\t\t<\/div>\n\t\t\t\t<\/div>\n\t\t<div class=\"elementor-element elementor-element-25c417dd e-flex e-con-boxed e-con e-parent\" data-id=\"25c417dd\" data-element_type=\"container\">\n\t\t\t\t\t<div class=\"e-con-inner\">\n\t\t\t\t\t<\/div>\n\t\t\t\t<\/div>\n\t\t\t\t<\/div>\n\t\t","protected":false},"excerpt":{"rendered":"<p>Rapoarte de contesta\u0163ii \u00a0\u00a0 Publicare Rapoarte privind rezultatul verific\u0103rii contesta\u021biilor \u00cen cadrul \u0218edin\u021bei Comisiei de Solu\u021bionare a Contesta\u021biilor Asocia\u021biei Grupul de Ac\u021biune Local\u0103 Ceahl\u0103u ce a avut loc on-line \u00een [&hellip;]<\/p>\n","protected":false},"author":1,"featured_media":0,"parent":0,"menu_order":0,"comment_status":"closed","ping_status":"closed","template":"elementor_header_footer","meta":{"footnotes":""},"class_list":["post-2260","page","type-page","status-publish","hentry"],"_links":{"self":[{"href":"https:\/\/new.gal-ceahlau.ro\/index.php\/wp-json\/wp\/v2\/pages\/2260","targetHints":{"allow":["GET"]}}],"collection":[{"href":"https:\/\/new.gal-ceahlau.ro\/index.php\/wp-json\/wp\/v2\/pages"}],"about":[{"href":"https:\/\/new.gal-ceahlau.ro\/index.php\/wp-json\/wp\/v2\/types\/page"}],"author":[{"embeddable":true,"href":"https:\/\/new.gal-ceahlau.ro\/index.php\/wp-json\/wp\/v2\/users\/1"}],"replies":[{"embeddable":true,"href":"https:\/\/new.gal-ceahlau.ro\/index.php\/wp-json\/wp\/v2\/comments?post=2260"}],"version-history":[{"count":11,"href":"https:\/\/new.gal-ceahlau.ro\/index.php\/wp-json\/wp\/v2\/pages\/2260\/revisions"}],"predecessor-version":[{"id":3165,"href":"https:\/\/new.gal-ceahlau.ro\/index.php\/wp-json\/wp\/v2\/pages\/2260\/revisions\/3165"}],"wp:attachment":[{"href":"https:\/\/new.gal-ceahlau.ro\/index.php\/wp-json\/wp\/v2\/media?parent=2260"}],"curies":[{"name":"wp","href":"https:\/\/api.w.org\/{rel}","templated":true}]}}