{"id":2254,"date":"2024-10-21T18:58:14","date_gmt":"2024-10-21T18:58:14","guid":{"rendered":"https:\/\/new.gal-ceahlau.ro\/?page_id=2254"},"modified":"2026-01-14T13:38:16","modified_gmt":"2026-01-14T13:38:16","slug":"rapoarte-de-selectie","status":"publish","type":"page","link":"https:\/\/new.gal-ceahlau.ro\/index.php\/rapoarte-de-selectie\/","title":{"rendered":"Rapoarte de selec\u0163ie"},"content":{"rendered":"\t\t<div data-elementor-type=\"wp-page\" data-elementor-id=\"2254\" class=\"elementor elementor-2254\">\n\t\t\t\t<div class=\"elementor-element elementor-element-4032ef7f e-flex e-con-boxed e-con e-parent\" data-id=\"4032ef7f\" data-element_type=\"container\" data-settings=\"{&quot;background_background&quot;:&quot;classic&quot;}\">\n\t\t\t\t\t<div class=\"e-con-inner\">\n\t\t\t\t<div class=\"elementor-element elementor-element-5d512cd5 elementor-widget elementor-widget-heading\" data-id=\"5d512cd5\" data-element_type=\"widget\" data-widget_type=\"heading.default\">\n\t\t\t\t<div class=\"elementor-widget-container\">\n\t\t\t\t\t<h2 class=\"elementor-heading-title elementor-size-default\">Rapoarte de selec\u0163ie<\/h2>\t\t\t\t<\/div>\n\t\t\t\t<\/div>\n\t\t\t\t\t<\/div>\n\t\t\t\t<\/div>\n\t\t<div class=\"elementor-element elementor-element-2bc93df3 e-flex e-con-boxed e-con e-parent\" data-id=\"2bc93df3\" data-element_type=\"container\">\n\t\t\t\t\t<div class=\"e-con-inner\">\n\t\t\t\t<div class=\"elementor-element elementor-element-d9bfc1a elementor-widget elementor-widget-text-editor\" data-id=\"d9bfc1a\" data-element_type=\"widget\" data-widget_type=\"text-editor.default\">\n\t\t\t\t<div class=\"elementor-widget-container\">\n\t\t\t\t\t\t\t\t\t<div class=\"x11i5rnm xat24cr x1mh8g0r x1vvkbs xtlvy1s x126k92a\">\u00a0<\/div><div class=\"x11i5rnm xat24cr x1mh8g0r x1vvkbs xtlvy1s x126k92a\"><h4 dir=\"auto\"><span style=\"color: #008000;\">Publicare Rapoarte de Selec\u021bie Intermediare<\/span><\/h4><\/div><div dir=\"auto\">\u00cen cadrul \u0218edin\u021bei Comitetului de Selec\u021bie al Asocia\u021biei Grupul de Ac\u021biune Local\u0103 Ceahl\u0103u ce a avut loc la sediul Asocia\u021biei \u00een data de 16 decembrie 2025, \u00een prezen\u021ba reprezentan\u021bilor CDRJ Neam\u021b \u0219i Suceava, au fost aprobate rapoartele de selec\u021bie pentru interven\u021biile lansate pe data de 2 octombrie 2025:<\/div><div dir=\"auto\">&#8211; <strong><a href=\"https:\/\/new.gal-ceahlau.ro\/wp-content\/uploads\/2025\/12\/Raport-selectie-intermediar-Interventia-2-Apel-1-1.pdf\">Raportul de Selec\u021bie Intermediar<\/a> <\/strong>pentru Apelul de selec\u021bie nr. 1 lansat pentru <strong>Interven\u021bia 2 &#8211; ( L806-L815) \u00cenfiin\u021barea de activit\u0103\u021bi neagricole in baza unui plan de afaceri, pentru femei \u0219i tineri<\/strong><\/div><div dir=\"auto\"><p>&#8211; <strong><a href=\"https:\/\/new.gal-ceahlau.ro\/wp-content\/uploads\/2025\/12\/Raport-selectie-intermediar-Apel-1-Interventia-3.pdf\">Raportul de Selec\u021bie Intermediar<\/a><\/strong> pentru Apelul de selec\u021bie nr. 1 lansat pentru <strong>Interven\u021bia 3 &#8211; ( L806) Sprijin pentru \u00eenfiin\u021barea de activit\u0103\u021bi neagricole \u00een baza unui plan de afaceri<\/strong><\/p><div dir=\"auto\">\u00a0<\/div><\/div><div dir=\"auto\"><em>Anun\u021b publicat in data de 16.12.2025<\/em><\/div>\t\t\t\t\t\t\t\t<\/div>\n\t\t\t\t<\/div>\n\t\t\t\t<div class=\"elementor-element elementor-element-65f2314 elementor-widget elementor-widget-text-editor\" data-id=\"65f2314\" data-element_type=\"widget\" data-widget_type=\"text-editor.default\">\n\t\t\t\t<div class=\"elementor-widget-container\">\n\t\t\t\t\t\t\t\t\t<div class=\"x11i5rnm xat24cr x1mh8g0r x1vvkbs xtlvy1s x126k92a\"><div dir=\"auto\"><div class=\"x11i5rnm xat24cr x1mh8g0r x1vvkbs xtlvy1s x126k92a\"><h4 dir=\"auto\"><span style=\"color: #008000;\">Publicare Note definitivare proces de selec\u021bie<\/span><\/h4><\/div><div dir=\"auto\">Av\u00e2nd \u00een vedere faptul c\u0103 Raportele intermediare de selec\u021bie intermediare \u00eentocmite  pentru Apelul de selec\u021bie nr. 1 lansat pentru <strong>Interven\u021bia 2 &#8211; ( L806-L815) \u00cenfiin\u021barea de activit\u0103\u021bi neagricole in baza unui plan de afaceri, pentru femei \u0219i tineri <\/strong>\u0219i pentru\u00a0Apelul de selec\u021bie nr. 1 lansat pentru <strong>Interven\u021bia 3 &#8211; ( L806) Sprijin pentru \u00eenfiin\u021barea de activit\u0103\u021bi neagricole \u00een baza unui plan de afaceri,<\/strong> \u00een data de 14 ianuarie 2026 au fost \u00eentocmite Notele de definitivare a procesului de selec\u021bie pentru cele dou\u0103 apeluri de selec\u021bie lansate \u00een data de 2 octombrie 2025:<\/div><div dir=\"auto\">&#8211; <strong><a href=\"https:\/\/new.gal-ceahlau.ro\/wp-content\/uploads\/2026\/01\/Nota-definitivare-Raport-intermediar-I2.pdf\">Not\u0103 definitivare proces de selec\u021bie<\/a> <\/strong>pentru Apelul de selec\u021bie nr. 1 lansat pentru <strong>Interven\u021bia 2 &#8211; ( L806-L815) \u00cenfiin\u021barea de activit\u0103\u021bi neagricole in baza unui plan de afaceri, pentru femei \u0219i tineri <\/strong><\/div><div dir=\"auto\">&#8211; <strong><a href=\"https:\/\/new.gal-ceahlau.ro\/wp-content\/uploads\/2026\/01\/Nota-definitivare-Raport-intermediar-I3.pdf\">Not\u0103 definitivare proces de selec\u021bie<\/a> <\/strong>pentru Apelul de selec\u021bie nr. 1 lansat pentru <strong>Interven\u021bia 3 &#8211; ( L806) Sprijin pentru \u00eenfiin\u021barea de activit\u0103\u021bi neagricole \u00een baza unui plan de afaceri<\/strong><\/div><div dir=\"auto\">\u00a0<\/div><div dir=\"auto\"><em>Anun\u021b publicat in data de 14.01.2026<\/em><\/div><\/div><\/div>\t\t\t\t\t\t\t\t<\/div>\n\t\t\t\t<\/div>\n\t\t\t\t\t<\/div>\n\t\t\t\t<\/div>\n\t\t<div class=\"elementor-element elementor-element-b06a88b e-flex e-con-boxed e-con e-parent\" data-id=\"b06a88b\" data-element_type=\"container\">\n\t\t\t\t\t<div class=\"e-con-inner\">\n\t\t\t\t\t<\/div>\n\t\t\t\t<\/div>\n\t\t\t\t<\/div>\n\t\t","protected":false},"excerpt":{"rendered":"<p>Rapoarte de selec\u0163ie \u00a0 Publicare Rapoarte de Selec\u021bie Intermediare \u00cen cadrul \u0218edin\u021bei Comitetului de Selec\u021bie al Asocia\u021biei Grupul de Ac\u021biune Local\u0103 Ceahl\u0103u ce a avut loc la sediul Asocia\u021biei \u00een [&hellip;]<\/p>\n","protected":false},"author":1,"featured_media":0,"parent":0,"menu_order":0,"comment_status":"closed","ping_status":"closed","template":"elementor_header_footer","meta":{"footnotes":""},"class_list":["post-2254","page","type-page","status-publish","hentry"],"_links":{"self":[{"href":"https:\/\/new.gal-ceahlau.ro\/index.php\/wp-json\/wp\/v2\/pages\/2254","targetHints":{"allow":["GET"]}}],"collection":[{"href":"https:\/\/new.gal-ceahlau.ro\/index.php\/wp-json\/wp\/v2\/pages"}],"about":[{"href":"https:\/\/new.gal-ceahlau.ro\/index.php\/wp-json\/wp\/v2\/types\/page"}],"author":[{"embeddable":true,"href":"https:\/\/new.gal-ceahlau.ro\/index.php\/wp-json\/wp\/v2\/users\/1"}],"replies":[{"embeddable":true,"href":"https:\/\/new.gal-ceahlau.ro\/index.php\/wp-json\/wp\/v2\/comments?post=2254"}],"version-history":[{"count":25,"href":"https:\/\/new.gal-ceahlau.ro\/index.php\/wp-json\/wp\/v2\/pages\/2254\/revisions"}],"predecessor-version":[{"id":3169,"href":"https:\/\/new.gal-ceahlau.ro\/index.php\/wp-json\/wp\/v2\/pages\/2254\/revisions\/3169"}],"wp:attachment":[{"href":"https:\/\/new.gal-ceahlau.ro\/index.php\/wp-json\/wp\/v2\/media?parent=2254"}],"curies":[{"name":"wp","href":"https:\/\/api.w.org\/{rel}","templated":true}]}}