{"id":2222,"date":"2024-10-21T17:29:14","date_gmt":"2024-10-21T17:29:14","guid":{"rendered":"https:\/\/new.gal-ceahlau.ro\/?page_id=2222"},"modified":"2026-03-10T08:13:56","modified_gmt":"2026-03-10T08:13:56","slug":"apeluri-active","status":"publish","type":"page","link":"https:\/\/new.gal-ceahlau.ro\/index.php\/apeluri-active\/","title":{"rendered":"Apeluri active"},"content":{"rendered":"\t\t<div data-elementor-type=\"wp-page\" data-elementor-id=\"2222\" class=\"elementor elementor-2222\">\n\t\t\t\t<div class=\"elementor-element elementor-element-39793b32 e-flex e-con-boxed e-con e-parent\" data-id=\"39793b32\" data-element_type=\"container\" data-settings=\"{&quot;background_background&quot;:&quot;classic&quot;}\">\n\t\t\t\t\t<div class=\"e-con-inner\">\n\t\t\t\t<div class=\"elementor-element elementor-element-1a290f3 elementor-widget elementor-widget-heading\" data-id=\"1a290f3\" data-element_type=\"widget\" data-widget_type=\"heading.default\">\n\t\t\t\t<div class=\"elementor-widget-container\">\n\t\t\t\t\t<h2 class=\"elementor-heading-title elementor-size-default\">Apeluri active<\/h2>\t\t\t\t<\/div>\n\t\t\t\t<\/div>\n\t\t\t\t\t<\/div>\n\t\t\t\t<\/div>\n\t\t<div class=\"elementor-element elementor-element-5a8ddf7 e-flex e-con-boxed e-con e-parent\" data-id=\"5a8ddf7\" data-element_type=\"container\">\n\t\t\t\t\t<div class=\"e-con-inner\">\n\t\t\t\t<div class=\"elementor-element elementor-element-31ae5b2 elementor-widget elementor-widget-text-editor\" data-id=\"31ae5b2\" data-element_type=\"widget\" data-widget_type=\"text-editor.default\">\n\t\t\t\t<div class=\"elementor-widget-container\">\n\t\t\t\t\t\t\t\t\t<h4 dir=\"auto\" style=\"text-align: center;\"><span style=\"color: #000000;\">Anun\u021b lansare apeluri de selec\u021bie\u00a0\u00a0<\/span><\/h4><div dir=\"auto\"><span style=\"color: #000000;\">La data de <strong><span style=\"color: #ff0000;\">30 martie 2026<\/span> <\/strong>vor fi lansate urm\u0103toarele interven\u021bii din cadrul SDL:<\/span><\/div><div dir=\"auto\">\u00a0<\/div><div dir=\"auto\"><span style=\"font-size: 15px; font-weight: bolder;\">Apel de selec\u021bie nr. 1 \u2013<\/span><span style=\"font-size: 15px; font-weight: bolder;\"><span style=\"font-size: 15px; color: #000000;\"> Interven\u021bia nr. 1 (L805) &#8211; Investi\u021bii \u00een domeniul neagricol, inclusiv turism<\/span><\/span><\/div><div dir=\"auto\"><span style=\"font-size: 15px; color: #000000;\">Anun\u021bul lansare apel de selec\u021bie poate fi consultat<\/span>\u00a0<a style=\"font-size: 15px;\" href=\"https:\/\/new.gal-ceahlau.ro\/wp-content\/uploads\/2026\/03\/Anunt-lansare-apel-de-selectie-L805_Semnat.pdf\">aici<\/a><\/div><div dir=\"auto\">\u00a0<\/div><div dir=\"auto\"><span style=\"font-size: 15px; font-weight: bolder;\">Apel de selec\u021bie nr. 2 \u2013<\/span><span style=\"font-size: 15px; font-weight: bolder;\"><span style=\"font-size: 15px; color: #000000;\">\u00a0Interven\u021bia nr. 2 ( L806-L815) \u00cenfiin\u021barea de activit\u0103\u021bi neagricole in baza unui plan de afaceri, pentru femei \u0219i tineri<\/span><\/span><\/div><div dir=\"auto\" style=\"text-align: center;\"><div dir=\"auto\" style=\"font-size: 15px; text-align: start;\"><span style=\"font-size: 15px; color: #000000;\">Anun\u021bul lansare apel de selec\u021bie poate fi consultat<\/span>\u00a0<a style=\"font-size: 15px;\" href=\"https:\/\/new.gal-ceahlau.ro\/wp-content\/uploads\/2026\/03\/Anunt-lansare-apel-de-selectie-L806_L815_Semnat.pdf\">aici<\/a><\/div><div dir=\"auto\">\u00a0<\/div><div style=\"font-size: 15px; text-align: start;\"><div dir=\"auto\" style=\"font-size: 15px;\"><span style=\"font-size: 15px;\"><span style=\"font-size: 15px; font-weight: bolder;\">Apel de selec\u021bie nr. 1<\/span>\u00a0\u2013<\/span><span style=\"font-size: 15px; color: #000000; font-weight: bolder;\"> Interven\u021bia nr. 4 ( L804) Ac\u021biuni de protec\u021bia mediului \u0219i eficientizare energetic\u0103<\/span><\/div><div dir=\"auto\" style=\"font-size: 15px;\"><div dir=\"auto\" style=\"font-size: 15px;\"><span style=\"font-size: 15px; color: #000000;\">Anun\u021bul lansare apel de selec\u021bie poate fi consultat<\/span>\u00a0<a style=\"font-size: 15px;\" href=\"https:\/\/new.gal-ceahlau.ro\/wp-content\/uploads\/2026\/03\/Anunt-lansare-apel-de-selectie-L804_Semnat.pdf\">aici<\/a><\/div><div dir=\"auto\">\u00a0<\/div><div dir=\"auto\"><div style=\"font-size: 15px; text-align: start;\"><div dir=\"auto\" style=\"font-size: 15px;\"><span style=\"font-size: 15px;\"><span style=\"font-size: 15px; font-weight: bolder;\">Apel de selec\u021bie nr. 1<\/span>\u00a0\u2013<\/span><span style=\"font-size: 15px; color: #000000; font-weight: bolder;\"> Interven\u021bia nr. 7 ( L808) Investi\u021bii \u00een infrastructura local\u0103 \u0219i servicii de baz\u0103 destinate comunit\u0103\u021bii<\/span><\/div><div dir=\"auto\" style=\"font-size: 15px;\"><div dir=\"auto\" style=\"font-size: 15px;\"><span style=\"font-size: 15px; color: #000000;\">Anun\u021bul lansare apel de selec\u021bie poate fi consultat<\/span>\u00a0<a style=\"font-size: 15px;\" href=\"https:\/\/new.gal-ceahlau.ro\/wp-content\/uploads\/2026\/03\/Anunt-lansare-apel-de-selectie-L808_Semnat.pdf\">aici<\/a><\/div><\/div><\/div><div dir=\"auto\">\u00a0<\/div><\/div><\/div><\/div><div dir=\"auto\"><div dir=\"auto\" style=\"font-size: 15px; text-align: left;\"><span style=\"font-size: 15px;\"><span style=\"font-size: 15px; font-weight: bolder;\">Apel de selec\u021bie nr. 1<\/span>\u00a0\u2013<\/span><span style=\"font-size: 15px; color: #000000; font-weight: bolder;\"> Interven\u021bia nr. 8 ( L809-L811)Ac\u021biuni \u00een domeniul social \u0219i al s\u0103n\u0103t\u0103\u021bii cu beneficii comunitare in teritoriul GAL Ceahl\u0103u<\/span><\/div><div dir=\"auto\" style=\"font-size: 15px;\"><div dir=\"auto\" style=\"font-size: 15px; text-align: left;\"><span style=\"font-size: 15px; color: #000000;\">Anun\u021bul lansare apel de selec\u021bie poate fi consultat<\/span>\u00a0<a style=\"font-size: 15px;\" href=\"https:\/\/new.gal-ceahlau.ro\/wp-content\/uploads\/2026\/03\/Anunt-lansare-apel-de-selectie-L809_L811_Semnat.pdf\">aici<\/a><\/div><div dir=\"auto\">\u00a0<\/div><\/div><\/div><div dir=\"auto\" style=\"font-size: 15px; text-align: start;\"><span style=\"font-size: 15px; color: #000000;\">Documentele de accesare pot fi consultate pe site-ul www.gal-ceahlau.ro la link-ul <\/span><a style=\"font-size: 15px; background-color: #ffffff;\" href=\"https:\/\/new.gal-ceahlau.ro\/index.php\/interventii-si-documente-de-accesare\/\">https:\/\/new.gal-ceahlau.ro\/index.php\/interventii-si-documente-de-accesare\/<\/a><span style=\"font-size: 15px; color: #000000;\">\u0219i pe platforma gal.afir.ro la sec\u021biunea dedicat\u0103 GAL Ceahl\u0103u.\u00a0<\/span><\/div><div dir=\"auto\">\u00a0<\/div><div dir=\"auto\" style=\"text-align: left;\"><em>Anun\u021b publicat \u00een data de 10 martie 2026<\/em><\/div><\/div>\t\t\t\t\t\t\t\t<\/div>\n\t\t\t\t<\/div>\n\t\t\t\t\t<\/div>\n\t\t\t\t<\/div>\n\t\t\t\t<\/div>\n\t\t","protected":false},"excerpt":{"rendered":"<p>Apeluri active Anun\u021b lansare apeluri de selec\u021bie\u00a0\u00a0 La data de 30 martie 2026 vor fi lansate urm\u0103toarele interven\u021bii din cadrul SDL:\u00a0Apel de selec\u021bie nr. 1 \u2013 Interven\u021bia nr. 1 (L805) [&hellip;]<\/p>\n","protected":false},"author":1,"featured_media":0,"parent":0,"menu_order":0,"comment_status":"closed","ping_status":"closed","template":"elementor_header_footer","meta":{"footnotes":""},"class_list":["post-2222","page","type-page","status-publish","hentry"],"_links":{"self":[{"href":"https:\/\/new.gal-ceahlau.ro\/index.php\/wp-json\/wp\/v2\/pages\/2222","targetHints":{"allow":["GET"]}}],"collection":[{"href":"https:\/\/new.gal-ceahlau.ro\/index.php\/wp-json\/wp\/v2\/pages"}],"about":[{"href":"https:\/\/new.gal-ceahlau.ro\/index.php\/wp-json\/wp\/v2\/types\/page"}],"author":[{"embeddable":true,"href":"https:\/\/new.gal-ceahlau.ro\/index.php\/wp-json\/wp\/v2\/users\/1"}],"replies":[{"embeddable":true,"href":"https:\/\/new.gal-ceahlau.ro\/index.php\/wp-json\/wp\/v2\/comments?post=2222"}],"version-history":[{"count":25,"href":"https:\/\/new.gal-ceahlau.ro\/index.php\/wp-json\/wp\/v2\/pages\/2222\/revisions"}],"predecessor-version":[{"id":3359,"href":"https:\/\/new.gal-ceahlau.ro\/index.php\/wp-json\/wp\/v2\/pages\/2222\/revisions\/3359"}],"wp:attachment":[{"href":"https:\/\/new.gal-ceahlau.ro\/index.php\/wp-json\/wp\/v2\/media?parent=2222"}],"curies":[{"name":"wp","href":"https:\/\/api.w.org\/{rel}","templated":true}]}}