{"id":2197,"date":"2024-10-21T12:55:35","date_gmt":"2024-10-21T12:55:35","guid":{"rendered":"https:\/\/new.gal-ceahlau.ro\/?page_id=2197"},"modified":"2026-03-10T08:05:26","modified_gmt":"2026-03-10T08:05:26","slug":"procedura-de-lucru-gal","status":"publish","type":"page","link":"https:\/\/new.gal-ceahlau.ro\/index.php\/procedura-de-lucru-gal\/","title":{"rendered":"Procedura de lucru GAL"},"content":{"rendered":"\t\t<div data-elementor-type=\"wp-page\" data-elementor-id=\"2197\" class=\"elementor elementor-2197\">\n\t\t\t\t<div class=\"elementor-element elementor-element-b0d6c96 e-flex e-con-boxed e-con e-parent\" data-id=\"b0d6c96\" data-element_type=\"container\" data-settings=\"{&quot;background_background&quot;:&quot;classic&quot;}\">\n\t\t\t\t\t<div class=\"e-con-inner\">\n\t\t\t\t\t<\/div>\n\t\t\t\t<\/div>\n\t\t<div class=\"elementor-element elementor-element-1b820bd e-flex e-con-boxed e-con e-parent\" data-id=\"1b820bd\" data-element_type=\"container\">\n\t\t\t\t\t<div class=\"e-con-inner\">\n\t\t\t\t<div class=\"elementor-element elementor-element-c507fe6 elementor-widget elementor-widget-text-editor\" data-id=\"c507fe6\" data-element_type=\"widget\" data-widget_type=\"text-editor.default\">\n\t\t\t\t<div class=\"elementor-widget-container\">\n\t\t\t\t\t\t\t\t\t<div><div dir=\"auto\">\u00a0<\/div><div dir=\"auto\"><div><h3 dir=\"auto\"><strong><span style=\"color: #339966;\">Informare privind stadiul implement\u0103rii Strategiei de Dezvoltare Local\u0103 a Microregiunii Ceahl\u0103u 2023-2027\u00a0<\/span><\/strong><\/h3><h3 dir=\"auto\"><span style=\"color: #000000;\">Consulta\u021bi <a href=\"https:\/\/new.gal-ceahlau.ro\/wp-content\/uploads\/2025\/12\/Informare-privind-stadiul-de-implementare-SDL-2023-2027-anul-2025.pdf\">aici\u00a0 <\/a><\/span><span style=\"color: #000000; font-size: 24px;\">Raportul privind stadiul implement\u0103rii SDL \u00eentocmit pentru perioada de referin\u021b\u0103 ianuarie- decembrie 2025<\/span><span style=\"background-color: initial; font-size: 24px; color: #000000;\">.\u00a0<\/span><\/h3><h3 dir=\"auto\"><span style=\"background-color: initial; font-size: 24px; color: #000000;\">Membrii Asocia\u021biei au fost informa\u021bi cu privire la stadiul implement\u0103rii Strategiei de Dezvoltare Local\u0103 2023-2027, prin postarea Raportului pe site-ul Asocia\u021biei \u0219i prin transmiterea acestuia pe grupul de WhatApp A.G.A. GAL Ceahl\u0103u. <\/span><\/h3><\/div><div dir=\"auto\"><em>Data public\u0103rii: 10.12.2025<\/em><\/div><\/div><\/div>\t\t\t\t\t\t\t\t<\/div>\n\t\t\t\t<\/div>\n\t\t\t\t<div class=\"elementor-element elementor-element-c44976b elementor-widget elementor-widget-text-editor\" data-id=\"c44976b\" data-element_type=\"widget\" data-widget_type=\"text-editor.default\">\n\t\t\t\t<div class=\"elementor-widget-container\">\n\t\t\t\t\t\t\t\t\t<div class=\"x11i5rnm xat24cr x1mh8g0r x1vvkbs xtlvy1s x126k92a\"><div dir=\"auto\" style=\"text-align: center;\"><div class=\"x11i5rnm xat24cr x1mh8g0r x1vvkbs xtlvy1s x126k92a\"><h3 dir=\"auto\" style=\"text-align: left;\"><strong><span style=\"color: #339966;\">Not\u0103 prelungire perioada de evaluare pentru proiectele depuse \u00een cadrul Apelurilor de selec\u021bie nr. 1 lansat pentru Interventiile 2 si 3 din cadrul SDL2023-2027<\/span><\/strong><\/h3><h3 dir=\"auto\" style=\"text-align: left;\"><span style=\"color: #000000;\">Prin <a href=\"https:\/\/new.gal-ceahlau.ro\/wp-content\/uploads\/2025\/12\/Hotararea-AGA-114.pdf\">Hot\u0103r\u00e2rea Adun\u0103rii Generale a Membrilor GAL Ceahl\u0103u nr. 114\/27.11.2025<\/a>, a fost aprobat\u0103 <a href=\"https:\/\/new.gal-ceahlau.ro\/wp-content\/uploads\/2025\/12\/Nota-de-fundam.-prelungire-perioada-de-evaluare-proiecte-.pdf\">Nota nr. 231\/24.11.2025<\/a> de prelungire a perioadei de evaluare pentru proiectele depuse \u00een cadrul Apelului de selec\u021bie nr. 1 lansat pentru Interven\u021biile 2 \u0219i 3 din cadrul SDL 2023-2027 cu 20 de zile calendaristice.<\/span><\/h3><h5 dir=\"auto\" style=\"text-align: left;\"><em><span style=\"color: #000000;\">Data public\u0103rii: 3.12.2025.<\/span><\/em><\/h5><\/div><div dir=\"auto\" style=\"text-align: left;\">\u00a0<\/div><\/div><\/div>\t\t\t\t\t\t\t\t<\/div>\n\t\t\t\t<\/div>\n\t\t\t\t\t<\/div>\n\t\t\t\t<\/div>\n\t\t<div class=\"elementor-element elementor-element-ad17438 e-flex e-con-boxed e-con e-parent\" data-id=\"ad17438\" data-element_type=\"container\">\n\t\t\t\t\t<div class=\"e-con-inner\">\n\t\t\t\t<div class=\"elementor-element elementor-element-c3c3f94 elementor-widget elementor-widget-text-editor\" data-id=\"c3c3f94\" data-element_type=\"widget\" data-widget_type=\"text-editor.default\">\n\t\t\t\t<div class=\"elementor-widget-container\">\n\t\t\t\t\t\t\t\t\t<div class=\"x11i5rnm xat24cr x1mh8g0r x1vvkbs xtlvy1s x126k92a\"><h3 dir=\"auto\"><span style=\"color: #ff0000;\"><strong>Procedura de Evaluare \u0219i Selec\u021bie a proiectelor depuse la GAL Ceahl\u0103u \u00een cadrul SDL 2023-2027<\/strong><\/span><\/h3><h3 dir=\"auto\"><span style=\"color: #000000;\">\u00cen \u0219edin\u021ba Adun\u0103rii generale a Membrilor GAL Ceahl\u0103u ce s-a desf\u0103\u0219urat pe 20 august 2025 la sediul Asocia\u021biei, a fost aprobat\u0103 Procedura de Evaluare \u0219i Selec\u021bie a proiectelor depuse \u00een cadrul SDL 2023-2027. Documentul poate fi consultat\u00a0 <a href=\"https:\/\/new.gal-ceahlau.ro\/wp-content\/uploads\/2025\/09\/Procedura-de-evaluare-si-selectie-2023-2027-1.pdf\">aici<\/a> .<\/span><\/h3><\/div><h3 dir=\"auto\"><span style=\"color: #000000;\"><span style=\"color: #ff0000;\"><a style=\"color: #ff0000;\" href=\"https:\/\/new.gal-ceahlau.ro\/wp-content\/uploads\/2026\/01\/Modificare-1-Procedura-de-evaluare-si-selectie.pdf\">Modificarea nr. 1\/2026<\/a><\/span> a \u00a0Procedurii de Evaluare \u0219i Selec\u021bie a proiectelor depuse \u00een cadrul SDL 2023-2027.<\/span><\/h3><div dir=\"auto\">\u00a0<\/div>\t\t\t\t\t\t\t\t<\/div>\n\t\t\t\t<\/div>\n\t\t\t\t\t<\/div>\n\t\t\t\t<\/div>\n\t\t<div class=\"elementor-element elementor-element-71aa28a e-flex e-con-boxed e-con e-parent\" data-id=\"71aa28a\" data-element_type=\"container\">\n\t\t\t\t\t<div class=\"e-con-inner\">\n\t\t\t\t<div class=\"elementor-element elementor-element-bd64b0e elementor-widget elementor-widget-text-editor\" data-id=\"bd64b0e\" data-element_type=\"widget\" data-widget_type=\"text-editor.default\">\n\t\t\t\t<div class=\"elementor-widget-container\">\n\t\t\t\t\t\t\t\t\t<div class=\"x11i5rnm xat24cr x1mh8g0r x1vvkbs xtlvy1s x126k92a\"><h3 dir=\"auto\"><strong><span style=\"color: #339966;\">Inform\u0103ri privind stadiul implement\u0103rii Strategiei de Dezvoltare Local\u0103 a Microregiunii Ceahl\u0103u 2023-2027<\/span><\/strong><\/h3><div dir=\"auto\">\u00a0<\/div><h3 dir=\"auto\"><span style=\"color: #000000;\">\u00cen cadrul \u0219edin\u021bei Adun\u0103rii Generale a Membrilor Asocia\u021biei desf\u0103\u0219urat\u0103 pe 6 februarie 2025, membrii Asocia\u021biei au fost informa\u021bi cu privire la stadiul implement\u0103rii Strategiei de Dezvoltare Local\u0103 2023-2027. Consulta\u021bi <a style=\"color: #000000;\" href=\"https:\/\/new.gal-ceahlau.ro\/wp-content\/uploads\/2025\/02\/Informare-privind-stadiul-de-implementare-SDL-2023-2027.pdf\" data-wplink-edit=\"true\"><strong><span style=\"color: #339966;\">aici<\/span><\/strong><\/a> Raportul privind stadiul implement\u0103rii SDL \u00eentocmit pentru perioada de referin\u021b\u0103 1 octombrie 2024 -31 decembrie 2024.<\/span><\/h3><div dir=\"auto\">\u00a0<\/div><\/div><div dir=\"auto\">\u00a0<\/div>\t\t\t\t\t\t\t\t<\/div>\n\t\t\t\t<\/div>\n\t\t\t\t\t<\/div>\n\t\t\t\t<\/div>\n\t\t<div class=\"elementor-element elementor-element-c7cc3b7 e-flex e-con-boxed e-con e-parent\" data-id=\"c7cc3b7\" data-element_type=\"container\">\n\t\t\t\t\t<div class=\"e-con-inner\">\n\t\t\t\t\t<\/div>\n\t\t\t\t<\/div>\n\t\t\t\t<\/div>\n\t\t","protected":false},"excerpt":{"rendered":"<p>\u00a0 Informare privind stadiul implement\u0103rii Strategiei de Dezvoltare Local\u0103 a Microregiunii Ceahl\u0103u 2023-2027\u00a0 Consulta\u021bi aici\u00a0 Raportul privind stadiul implement\u0103rii SDL \u00eentocmit pentru perioada de referin\u021b\u0103 ianuarie- decembrie 2025.\u00a0 Membrii Asocia\u021biei [&hellip;]<\/p>\n","protected":false},"author":1,"featured_media":0,"parent":0,"menu_order":0,"comment_status":"closed","ping_status":"closed","template":"elementor_header_footer","meta":{"footnotes":""},"class_list":["post-2197","page","type-page","status-publish","hentry"],"_links":{"self":[{"href":"https:\/\/new.gal-ceahlau.ro\/index.php\/wp-json\/wp\/v2\/pages\/2197","targetHints":{"allow":["GET"]}}],"collection":[{"href":"https:\/\/new.gal-ceahlau.ro\/index.php\/wp-json\/wp\/v2\/pages"}],"about":[{"href":"https:\/\/new.gal-ceahlau.ro\/index.php\/wp-json\/wp\/v2\/types\/page"}],"author":[{"embeddable":true,"href":"https:\/\/new.gal-ceahlau.ro\/index.php\/wp-json\/wp\/v2\/users\/1"}],"replies":[{"embeddable":true,"href":"https:\/\/new.gal-ceahlau.ro\/index.php\/wp-json\/wp\/v2\/comments?post=2197"}],"version-history":[{"count":52,"href":"https:\/\/new.gal-ceahlau.ro\/index.php\/wp-json\/wp\/v2\/pages\/2197\/revisions"}],"predecessor-version":[{"id":3356,"href":"https:\/\/new.gal-ceahlau.ro\/index.php\/wp-json\/wp\/v2\/pages\/2197\/revisions\/3356"}],"wp:attachment":[{"href":"https:\/\/new.gal-ceahlau.ro\/index.php\/wp-json\/wp\/v2\/media?parent=2197"}],"curies":[{"name":"wp","href":"https:\/\/api.w.org\/{rel}","templated":true}]}}