{"id":2125,"date":"2024-10-21T09:24:31","date_gmt":"2024-10-21T09:24:31","guid":{"rendered":"https:\/\/new.gal-ceahlau.ro\/?page_id=2125"},"modified":"2026-01-19T07:57:02","modified_gmt":"2026-01-19T07:57:02","slug":"strategia-de-dezvoltare-locala-2","status":"publish","type":"page","link":"https:\/\/new.gal-ceahlau.ro\/index.php\/strategia-de-dezvoltare-locala-2\/","title":{"rendered":"Strategia de Dezvoltare Local\u0103"},"content":{"rendered":"\t\t<div data-elementor-type=\"wp-page\" data-elementor-id=\"2125\" class=\"elementor elementor-2125\">\n\t\t\t\t<div class=\"elementor-element elementor-element-772ee01f e-flex e-con-boxed e-con e-parent\" data-id=\"772ee01f\" data-element_type=\"container\" data-settings=\"{&quot;background_background&quot;:&quot;classic&quot;}\">\n\t\t\t\t\t<div class=\"e-con-inner\">\n\t\t\t\t<div class=\"elementor-element elementor-element-6c0bc469 elementor-widget elementor-widget-heading\" data-id=\"6c0bc469\" data-element_type=\"widget\" data-widget_type=\"heading.default\">\n\t\t\t\t<div class=\"elementor-widget-container\">\n\t\t\t\t\t<h2 class=\"elementor-heading-title elementor-size-default\">STRATEGIA DE DEZVOLTARE LOCAL\u0102 2023-2027<\/h2>\t\t\t\t<\/div>\n\t\t\t\t<\/div>\n\t\t\t\t\t<\/div>\n\t\t\t\t<\/div>\n\t\t<div class=\"elementor-element elementor-element-4e503b05 e-flex e-con-boxed e-con e-parent\" data-id=\"4e503b05\" data-element_type=\"container\">\n\t\t\t\t\t<div class=\"e-con-inner\">\n\t\t\t\t<div class=\"elementor-element elementor-element-5469d29e elementor-widget elementor-widget-text-editor\" data-id=\"5469d29e\" data-element_type=\"widget\" data-widget_type=\"text-editor.default\">\n\t\t\t\t<div class=\"elementor-widget-container\">\n\t\t\t\t\t\t\t\t\t<h3><em><span style=\"color: #339966;\"><strong>Introducere<\/strong><\/span><\/em><\/h3><h5 style=\"text-align: left;\"><span style=\"color: #808080;\">Strategia de dezvoltare Local\u0103 a microregiunii Ceahl\u0103u se constituie ca instrument de planificare pe termen mediu \u015fi presupune o viziune de dezvoltare realist\u0103 \u015fi realizabil\u0103 prin atingerea obiectivelor \u015fi m\u0103surilor stabilite \u00een urma analizei situa\u0163iei existente, \u00een concordan\u0163\u0103 cu obiectivele programului LEADER.<\/span><\/h5><h5 style=\"text-align: left;\"><span style=\"color: #808080;\">Aceasta implic\u0103 principiile dezvolt\u0103rii durabile a unui teritoriu omogen, din punct de vedere\u00a0 al teritoriului acoperit, \u015fi nivel de dezvoltare economico-social\u0103 finaliz\u00e2nd cerin\u0163ele actuale \u015fi oferind genera\u0163iilor viitoare posibilitatea realiz\u0103rii propriilor obiective de dezvoltare.<\/span><\/h5><h5 style=\"text-align: left;\"><span style=\"color: #808080;\">Scopul s\u0103u este acela de a conduce la cre\u015fterea calit\u0103\u0163ii vie\u0163ii \u015fi crearea de noi locuri de munc\u0103 implement\u00e2nd m\u0103suri de investitii, stimularea si dezvoltarea capitalului uman, cresterea competitivitatii intreprinderilor, gestionarea eficienta a energiei,\u00a0 conservarea patrimoniului material si imaterial, eficientizarea administratiei publice si combaterea deprivarii materiale a populatiei.<\/span><\/h5><h5 style=\"text-align: left;\"><span style=\"color: #808080;\">In acest context, Strategia de Dezvoltare Locala 2023-2027 va fi elaborat\u0103 pe principiul \u201d<em>TURISMUL \u2013 MODEL DE DEZVOLTARE SUSTENABIL AL MICROREGIUNII CEAHLAU\u201d<\/em>, ce va reprezenta tema principal\u0103 de dezvoltare a teritoriului GAL, av\u00e2nd la baz\u0103 o abordare sistemic\u0103 cu leg\u0103turi \u00eentre ac\u021biuni \u0219i sectoare, conduc\u00e2nd la o dezvoltare integrat\u0103 a teritoriului si transformarea microregiunii Ceahl\u0103u \u00eentr-un pol microzonal de dezvoltare economico-social\u0103.<\/span><\/h5><h4 style=\"text-align: left;\"><strong><em>Motivatia<\/em><\/strong><\/h4><h5 style=\"text-align: left;\"><span style=\"color: #808080;\">Strategia dore\u015fte s\u0103 furnizeze toate elementele necesare lu\u0103rii unor decizii locale corecte \u015fi coerente, s\u0103 reprezinte un ghid de regenerare \u015fi dezvoltare a microregiunii Ceahl\u0103u \u00een deplin acord cu voin\u0163a cet\u0103\u0163enilor.<\/span><\/h5><h4 style=\"text-align: left;\"><strong><em>Misiune<\/em><\/strong><\/h4><h5 style=\"text-align: left;\"><span style=\"color: #808080;\">Misiunea strategiei este de a mobiliza toate resursele umane, materiale \u015fi financiare dob\u00e2ndite la nivel local, atrase fie folosind resursele proprii sau alte surse externe (finan\u0163\u0103ri nerambursabile), pentru a implementa m\u0103surile \u015fi proiectele propuse, astfel \u00eenc\u00e2t afirma\u0163iile anterioare s\u0103 poat\u0103 deveni realitate.<\/span><\/h5><h5 style=\"text-align: left;\"><span style=\"color: #808080;\">Experien\u0163a acumulat\u0103 de Grupul de Ac\u0163iune Local\u0103 CEAHLAU prin implementarea Strategiiilor de Dezvoltare Local\u0103 \u00een perioadele de programare 2007-2013 si 2014-2023, \u00a0va aduce plus valoare noii dezvolt\u0103ri a teritoriului GAL \u015fi un plus de performan\u0163\u0103 \u00een activit\u0103\u0163ile \u00eentreprinse, valorificat\u0103 \u015fi prin prisma p\u0103str\u0103rii integrit\u0103\u0163ii echipei GAL.<\/span><\/h5><h5 style=\"text-align: left;\"><span style=\"color: #808080;\">Pentru a asigura masa critic\u0103 \u00een vederea promov\u0103rii zonei, dar si pentru a extinde \u015fi \u00eembun\u0103t\u0103\u0163i experien\u0163a echipei de implementare a GAL \u015fi a actorilor locali, se are \u00een vedere dezvoltarea de noi\u00a0 ac\u0163iuni de cooperare cu alte GAL-uri sau parteneriate care func\u0163ioneaz\u0103 dupa principiul LEADER.<\/span><\/h5><h5 style=\"text-align: left;\"><span style=\"color: #808080;\">Pentru reu\u015fita acestei misiuni trebuie parcurs un proces axat pe participare, colaborare, consultare public\u0103, planificare ra\u0163ional\u0103, capacitate de organizare \u015fi efort sus\u0163inut.<\/span><\/h5><h4 style=\"text-align: left;\"><strong><em>Viziune<\/em><\/strong><\/h4><h5 style=\"text-align: left;\"><span style=\"color: #808080;\">Viitorul comunit\u0103\u0163ii este dependent de factorii sociali, economici \u015fi de mediu, precum \u015fi de activit\u0103\u0163ile care vor fi \u00eentreprinse de to\u0163i actorii implica\u0163i \u00een dezvoltarea comunit\u0103\u0163ii (autorit\u0103\u0163ile locale, organizatiile, institutiile) prin parteneriatul creat. Acestea, printr-un efort conjugat \u015fi orientat c\u0103tre sus\u0163inerea viziunii, pot contribui la atingerea ei.<\/span><\/h5><h5 style=\"text-align: left;\"><span style=\"color: #808080;\">Asocia\u0163ia Grupul de Ac\u0163iune Local\u0103 CEAHLAU urm\u0103re\u015fte acelea\u015fi obiective generale \u015fi specifice cu cele ale Politicii Agricole Comune U.E., ale LEADER \u015fi PS 2023-2027 \u015fi presupune dezvoltarea microregiunii Ceahl\u0103u \u00eentr-o maniera specific\u0103, adaptat\u0103 nevoilor \u015fi priorit\u0103\u0163ilor acesteia.<\/span><\/h5><h5 style=\"text-align: left;\"><span style=\"color: #808080;\">Valoarea adaugat\u0103 a abord\u0103rii parteneriatului (conturat \u015fi prin prezen\u0163a \u00a0a celor doua noi teritorii din judetul Harghita), constituit in proportie de 100% din unit\u0103\u021bi administrativ teritoriale situate \u00een zona montan\u0103, deriva din acele ini\u0163iative locale care vor combina \u00een mod unitar urm\u0103toarele teme: activit\u0103\u021bile din sfera economic\u0103, turismul, serviciile de baz\u0103 \u0219i patrimoniul cultural material \u0219i imaterial, ce r\u0103spund problematicii existente \u00een ceea ce prive\u0219te dezvoltarea economic\u0103 \u0219i social\u0103 datorit\u0103 condi\u021biilor naturale dificile, respectiv depopularii \u00eenregistrate \u00eentr\u2010un ritm din ce \u00een ce mai accelerat la nivelul comunit\u0103\u0163ilor locale.<\/span><\/h5><h5 style=\"text-align: left;\"><span style=\"color: #808080;\">Strategia de dezvoltare Local\u0103 a microregiunii Ceahl\u0103u se constituie ca instrument de planificare pe termen mediu \u015fi presupune o viziune de dezvoltare realist\u0103 \u015fi realizabil\u0103 prin atingerea obiectivelor \u015fi m\u0103surilor stabilite \u00een urma analizei situa\u0163iei existente, \u00een concordan\u0163\u0103 cu obiectivele programului LEADER. In acest context, Strategia de Dezvoltare Locala 2023-2027 va fi elaborat\u0103 pe principiul <strong>\u201d<em>TURISMUL \u2013 MODEL DE DEZVOLTARE SUSTENABIL AL MICROREGIUNII CEAHLAU\u201d<\/em>,<\/strong> ce va reprezenta tema principal\u0103 de dezvoltare a teritoriului GAL, av\u00e2nd la baz\u0103 o abordare sistemic\u0103 cu leg\u0103turi \u00eentre ac\u021biuni \u0219i sectoare, conduc\u00e2nd la o dezvoltare integrat\u0103 a teritoriului si transformarea microregiunii Ceahl\u0103u \u00eentr-un pol microzonal de dezvoltare economico-social\u0103.<\/span><\/h5>\t\t\t\t\t\t\t\t<\/div>\n\t\t\t\t<\/div>\n\t\t\t\t<div class=\"elementor-element elementor-element-75febcd elementor-widget__width-initial elementor-widget elementor-widget-text-editor\" data-id=\"75febcd\" data-element_type=\"widget\" data-widget_type=\"text-editor.default\">\n\t\t\t\t<div class=\"elementor-widget-container\">\n\t\t\t\t\t\t\t\t\t<p><em> \u00centregul document al Strategiei de Dezvoltare Local\u0103 a Microregiunii Ceahl\u0103u pentru perioada de programare 2023-2027 poate fi consultat aici: <\/em><\/p><ul><li><a href=\"https:\/\/new.gal-ceahlau.ro\/wp-content\/uploads\/2024\/11\/2.-PDF_SDL_GAL-CEAHLAU-VERS.2-1.pdf\">PDF_SDL_GAL CEAHLAU <\/a><a href=\"https:\/\/new.gal-ceahlau.ro\/wp-content\/uploads\/2024\/11\/3.-PDF_SDL_Anexa_5_1_VERS2.pdf\"> ;\u00a0 \u00a0<\/a><\/li><li><a href=\"https:\/\/new.gal-ceahlau.ro\/wp-content\/uploads\/2024\/11\/3.-PDF_SDL_Anexa_5_1_VERS2.pdf\">Anexa_5_1_VERS2<\/a> ;<\/li><li><a href=\"https:\/\/new.gal-ceahlau.ro\/wp-content\/uploads\/2025\/09\/Anexa5.2-finala.pdf\">Anexa 5.2\u00a0<\/a><\/li><li><a href=\"https:\/\/new.gal-ceahlau.ro\/wp-content\/uploads\/2025\/09\/Anexa-6-finala.pdf\">Anexa 6<\/a><\/li><\/ul>\t\t\t\t\t\t\t\t<\/div>\n\t\t\t\t<\/div>\n\t\t\t\t\t<\/div>\n\t\t\t\t<\/div>\n\t\t<div class=\"elementor-element elementor-element-a196bf9 e-flex e-con-boxed e-con e-parent\" data-id=\"a196bf9\" data-element_type=\"container\">\n\t\t\t\t\t<div class=\"e-con-inner\">\n\t\t\t\t<div class=\"elementor-element elementor-element-f4420c6 elementor-widget elementor-widget-text-editor\" data-id=\"f4420c6\" data-element_type=\"widget\" data-widget_type=\"text-editor.default\">\n\t\t\t\t<div class=\"elementor-widget-container\">\n\t\t\t\t\t\t\t\t\t<div class=\"x11i5rnm xat24cr x1mh8g0r x1vvkbs xtlvy1s x126k92a\"><div dir=\"auto\"><p><em>Modificarea 1 \/ 2025 a Strategiei de Dezvoltare Local\u0103 a Microregiunii Ceahl\u0103u pentru perioada de programare 2023-2027\u00a0 a fost aprobat\u0103 prin Nota de aprobare nr. 203.546\/ 16.01.2026. Documentele aferente modific\u0103rii pot fi consultate aici:<\/em><\/p><ul><li><a href=\"https:\/\/new.gal-ceahlau.ro\/wp-content\/uploads\/2026\/01\/PDF_SDL_GAL-CEAHLAU-modif-1-2025.pdf\">PDF_SDL_GAL CEAHLAU &#8211; <\/a>Modificare 1\/ 2025<a href=\"https:\/\/new.gal-ceahlau.ro\/wp-content\/uploads\/2024\/11\/3.-PDF_SDL_Anexa_5_1_VERS2.pdf\">;<\/a><\/li><li><a href=\"https:\/\/new.gal-ceahlau.ro\/wp-content\/uploads\/2024\/11\/3.-PDF_SDL_Anexa_5_1_VERS2.pdf\">Anexa_5_1_VERS2<\/a> ;<\/li><li><a href=\"https:\/\/new.gal-ceahlau.ro\/wp-content\/uploads\/2025\/09\/Anexa5.2-finala.pdf\">Anexa 5.2\u00a0<\/a><\/li><li><a href=\"https:\/\/new.gal-ceahlau.ro\/wp-content\/uploads\/2026\/01\/3.-Anexa-6-Planul-de-actiune-modif-1-2025.pdf\">Anexa 6<\/a><\/li><li><a href=\"https:\/\/new.gal-ceahlau.ro\/wp-content\/uploads\/2026\/01\/Nota-aprobare-nr.-203546.pdf\">Nota de aprobare a modific\u0103rii SDL nr. 203.546\/16.01.2026<\/a><\/li><\/ul><p><em>Data post\u0103rii : 19 ianuarie 2026<\/em><\/p><\/div><\/div>\t\t\t\t\t\t\t\t<\/div>\n\t\t\t\t<\/div>\n\t\t\t\t\t<\/div>\n\t\t\t\t<\/div>\n\t\t\t\t<\/div>\n\t\t","protected":false},"excerpt":{"rendered":"<p>STRATEGIA DE DEZVOLTARE LOCAL\u0102 2023-2027 Introducere Strategia de dezvoltare Local\u0103 a microregiunii Ceahl\u0103u se constituie ca instrument de planificare pe termen mediu \u015fi presupune o viziune de dezvoltare realist\u0103 \u015fi [&hellip;]<\/p>\n","protected":false},"author":1,"featured_media":2457,"parent":0,"menu_order":0,"comment_status":"closed","ping_status":"closed","template":"elementor_header_footer","meta":{"footnotes":""},"class_list":["post-2125","page","type-page","status-publish","has-post-thumbnail","hentry"],"_links":{"self":[{"href":"https:\/\/new.gal-ceahlau.ro\/index.php\/wp-json\/wp\/v2\/pages\/2125","targetHints":{"allow":["GET"]}}],"collection":[{"href":"https:\/\/new.gal-ceahlau.ro\/index.php\/wp-json\/wp\/v2\/pages"}],"about":[{"href":"https:\/\/new.gal-ceahlau.ro\/index.php\/wp-json\/wp\/v2\/types\/page"}],"author":[{"embeddable":true,"href":"https:\/\/new.gal-ceahlau.ro\/index.php\/wp-json\/wp\/v2\/users\/1"}],"replies":[{"embeddable":true,"href":"https:\/\/new.gal-ceahlau.ro\/index.php\/wp-json\/wp\/v2\/comments?post=2125"}],"version-history":[{"count":59,"href":"https:\/\/new.gal-ceahlau.ro\/index.php\/wp-json\/wp\/v2\/pages\/2125\/revisions"}],"predecessor-version":[{"id":3180,"href":"https:\/\/new.gal-ceahlau.ro\/index.php\/wp-json\/wp\/v2\/pages\/2125\/revisions\/3180"}],"wp:featuredmedia":[{"embeddable":true,"href":"https:\/\/new.gal-ceahlau.ro\/index.php\/wp-json\/wp\/v2\/media\/2457"}],"wp:attachment":[{"href":"https:\/\/new.gal-ceahlau.ro\/index.php\/wp-json\/wp\/v2\/media?parent=2125"}],"curies":[{"name":"wp","href":"https:\/\/api.w.org\/{rel}","templated":true}]}}