{"id":2119,"date":"2024-10-21T09:20:01","date_gmt":"2024-10-21T09:20:01","guid":{"rendered":"https:\/\/new.gal-ceahlau.ro\/?page_id=2119"},"modified":"2024-11-21T10:57:38","modified_gmt":"2024-11-21T10:57:38","slug":"teritoriul-acoperit","status":"publish","type":"page","link":"https:\/\/new.gal-ceahlau.ro\/index.php\/teritoriul-acoperit\/","title":{"rendered":"Teritoriul acoperit"},"content":{"rendered":"\t\t<div data-elementor-type=\"wp-page\" data-elementor-id=\"2119\" class=\"elementor elementor-2119\">\n\t\t\t\t<div class=\"elementor-element elementor-element-128aa8e e-flex e-con-boxed e-con e-parent\" data-id=\"128aa8e\" data-element_type=\"container\" data-settings=\"{&quot;background_background&quot;:&quot;classic&quot;}\">\n\t\t\t\t\t<div class=\"e-con-inner\">\n\t\t\t\t<div class=\"elementor-element elementor-element-1a76e7ab elementor-widget elementor-widget-heading\" data-id=\"1a76e7ab\" data-element_type=\"widget\" data-widget_type=\"heading.default\">\n\t\t\t\t<div class=\"elementor-widget-container\">\n\t\t\t\t\t<h2 class=\"elementor-heading-title elementor-size-default\">Teritoriul acoperit<\/h2>\t\t\t\t<\/div>\n\t\t\t\t<\/div>\n\t\t\t\t\t<\/div>\n\t\t\t\t<\/div>\n\t\t<div class=\"elementor-element elementor-element-1383848 e-flex e-con-boxed e-con e-parent\" data-id=\"1383848\" data-element_type=\"container\">\n\t\t\t\t\t<div class=\"e-con-inner\">\n\t\t\t\t<div class=\"elementor-element elementor-element-003773b elementor-widget elementor-widget-image\" data-id=\"003773b\" data-element_type=\"widget\" data-widget_type=\"image.default\">\n\t\t\t\t<div class=\"elementor-widget-container\">\n\t\t\t\t\t\t\t\t\t\t\t\t\t\t\t<img fetchpriority=\"high\" decoding=\"async\" width=\"1536\" height=\"1140\" src=\"https:\/\/new.gal-ceahlau.ro\/wp-content\/uploads\/2024\/11\/Anexa-2-GAL-Ceahlau-Harta-administrativa-1536x1140.jpg\" class=\"attachment-1536x1536 size-1536x1536 wp-image-2515\" alt=\"\" srcset=\"https:\/\/new.gal-ceahlau.ro\/wp-content\/uploads\/2024\/11\/Anexa-2-GAL-Ceahlau-Harta-administrativa-1536x1140.jpg 1536w, https:\/\/new.gal-ceahlau.ro\/wp-content\/uploads\/2024\/11\/Anexa-2-GAL-Ceahlau-Harta-administrativa-300x223.jpg 300w, https:\/\/new.gal-ceahlau.ro\/wp-content\/uploads\/2024\/11\/Anexa-2-GAL-Ceahlau-Harta-administrativa-1024x760.jpg 1024w, https:\/\/new.gal-ceahlau.ro\/wp-content\/uploads\/2024\/11\/Anexa-2-GAL-Ceahlau-Harta-administrativa-768x570.jpg 768w, https:\/\/new.gal-ceahlau.ro\/wp-content\/uploads\/2024\/11\/Anexa-2-GAL-Ceahlau-Harta-administrativa-2048x1520.jpg 2048w\" sizes=\"(max-width: 1536px) 100vw, 1536px\" \/>\t\t\t\t\t\t\t\t\t\t\t\t\t\t\t<\/div>\n\t\t\t\t<\/div>\n\t\t\t\t<div class=\"elementor-element elementor-element-e4a989c elementor-widget__width-initial elementor-widget elementor-widget-text-editor\" data-id=\"e4a989c\" data-element_type=\"widget\" data-widget_type=\"text-editor.default\">\n\t\t\t\t<div class=\"elementor-widget-container\">\n\t\t\t\t\t\t\t\t\t<h6><span style=\"color: #008080;\"><strong><u>Suprafa\u021b\u0103: <\/u><\/strong><\/span><\/h6><table><tbody><tr><td width=\"36\"><h6><span style=\"color: #008080;\"><strong>Nr. crt.<\/strong><\/span><\/h6><\/td><td width=\"120\"><h6><span style=\"color: #008080;\"><strong>Jude\u0163<\/strong><\/span><\/h6><\/td><td width=\"115\"><h6><span style=\"color: #008080;\"><strong>Cod SIRUTA<\/strong><\/span><\/h6><\/td><td width=\"138\"><h6><span style=\"color: #008080;\"><strong>Localitate<\/strong><\/span><\/h6><\/td><td width=\"84\"><h6><span style=\"color: #008080;\"><strong>Km2<\/strong><\/span><\/h6><\/td><td width=\"82\"><h6><span style=\"color: #008080;\"><strong>% GAL<\/strong><\/span><\/h6><\/td><\/tr><tr><td width=\"36\"><h6><span style=\"color: #008080;\">1.<\/span><\/h6><\/td><td width=\"120\"><h6><span style=\"color: #008080;\">Neam\u0163<\/span><\/h6><\/td><td width=\"115\"><h6><span style=\"color: #008080;\">121297<\/span><\/h6><\/td><td width=\"138\"><h6><span style=\"color: #008080;\">BICAZ-CHEI<\/span><\/h6><\/td><td width=\"84\"><h6><span style=\"color: #008080;\">97,72<\/span><\/h6><\/td><td width=\"82\"><h6><span style=\"color: #008080;\">3,62%<\/span><\/h6><\/td><\/tr><tr><td width=\"36\"><h6><span style=\"color: #008080;\">2.<\/span><\/h6><\/td><td width=\"120\"><h6><span style=\"color: #008080;\">Neam\u0163<\/span><\/h6><\/td><td width=\"115\"><h6><span style=\"color: #008080;\">121340<\/span><\/h6><\/td><td width=\"138\"><h6><span style=\"color: #008080;\">BICAZU ARDELEAN<\/span><\/h6><\/td><td width=\"84\"><h6><span style=\"color: #008080;\">112,41<\/span><\/h6><\/td><td width=\"82\"><h6><span style=\"color: #008080;\">4,16%<\/span><\/h6><\/td><\/tr><tr><td width=\"36\"><h6><span style=\"color: #008080;\">3.<\/span><\/h6><\/td><td width=\"120\"><h6><span style=\"color: #008080;\">Neam\u0163<\/span><\/h6><\/td><td width=\"115\"><h6><span style=\"color: #008080;\">121652<\/span><\/h6><\/td><td width=\"138\"><h6><span style=\"color: #008080;\">BORCA<\/span><\/h6><\/td><td width=\"84\"><h6><span style=\"color: #008080;\">204,22<\/span><\/h6><\/td><td width=\"82\"><h6><span style=\"color: #008080;\">7,56%<\/span><\/h6><\/td><\/tr><tr><td width=\"36\"><h6><span style=\"color: #008080;\">4.<\/span><\/h6><\/td><td width=\"120\"><h6><span style=\"color: #008080;\">Neam\u0163<\/span><\/h6><\/td><td width=\"115\"><h6><span style=\"color: #008080;\">122025<\/span><\/h6><\/td><td width=\"138\"><h6><span style=\"color: #008080;\">CEAHL\u0102U<\/span><\/h6><\/td><td width=\"84\"><h6><span style=\"color: #008080;\">96,75<\/span><\/h6><\/td><td width=\"82\"><h6><span style=\"color: #008080;\">3,58%<\/span><\/h6><\/td><\/tr><tr><td width=\"36\"><h6><span style=\"color: #008080;\">5.<\/span><\/h6><\/td><td width=\"120\"><h6><span style=\"color: #008080;\">Neam\u0163<\/span><\/h6><\/td><td width=\"115\"><h6><span style=\"color: #008080;\">122249<\/span><\/h6><\/td><td width=\"138\"><h6><span style=\"color: #008080;\">D\u0102MUC<\/span><\/h6><\/td><td width=\"84\"><h6><span style=\"color: #008080;\">180,69<\/span><\/h6><\/td><td width=\"82\"><h6><span style=\"color: #008080;\">6,69%<\/span><\/h6><\/td><\/tr><tr><td width=\"36\"><h6><span style=\"color: #008080;\">6.<\/span><\/h6><\/td><td width=\"120\"><h6><span style=\"color: #008080;\">Neam\u0163<\/span><\/h6><\/td><td width=\"115\"><h6><span style=\"color: #008080;\">122551<\/span><\/h6><\/td><td width=\"138\"><h6><span style=\"color: #008080;\">FARCA\u0218A<\/span><\/h6><\/td><td width=\"84\"><h6><span style=\"color: #008080;\">92,37<\/span><\/h6><\/td><td width=\"82\"><h6><span style=\"color: #008080;\">3,42%<\/span><\/h6><\/td><\/tr><tr><td width=\"36\"><h6><span style=\"color: #008080;\">7.<\/span><\/h6><\/td><td width=\"120\"><h6><span style=\"color: #008080;\">Neam\u0163<\/span><\/h6><\/td><td width=\"115\"><h6><span style=\"color: #008080;\">122828<\/span><\/h6><\/td><td width=\"138\"><h6><span style=\"color: #008080;\">G\u00c2RCINA<\/span><\/h6><\/td><td width=\"84\"><h6><span style=\"color: #008080;\">122,08<\/span><\/h6><\/td><td width=\"82\"><h6><span style=\"color: #008080;\">4,52%<\/span><\/h6><\/td><\/tr><tr><td width=\"36\"><h6><span style=\"color: #008080;\">8.<\/span><\/h6><\/td><td width=\"120\"><h6><span style=\"color: #008080;\">Neam\u0163<\/span><\/h6><\/td><td width=\"115\"><h6><span style=\"color: #008080;\">122864<\/span><\/h6><\/td><td width=\"138\"><h6><span style=\"color: #008080;\">GRIN\u021aIE\u0218<\/span><\/h6><\/td><td width=\"84\"><h6><span style=\"color: #008080;\">141,56<\/span><\/h6><\/td><td width=\"82\"><h6><span style=\"color: #008080;\">5,24%<\/span><\/h6><\/td><\/tr><tr><td width=\"36\"><h6><span style=\"color: #008080;\">9<\/span><\/h6><\/td><td width=\"120\"><h6><span style=\"color: #008080;\">Neam\u0163<\/span><\/h6><\/td><td width=\"115\"><h6><span style=\"color: #008080;\">122953<\/span><\/h6><\/td><td width=\"138\"><h6><span style=\"color: #008080;\">HANGU<\/span><\/h6><\/td><td width=\"84\"><h6><span style=\"color: #008080;\">129,32<\/span><\/h6><\/td><td width=\"82\"><h6><span style=\"color: #008080;\">4,79%<\/span><\/h6><\/td><\/tr><tr><td width=\"36\"><h6><span style=\"color: #008080;\">10.<\/span><\/h6><\/td><td width=\"120\"><h6><span style=\"color: #008080;\">Neam\u0163<\/span><\/h6><\/td><td width=\"115\"><h6><span style=\"color: #008080;\">123521<\/span><\/h6><\/td><td width=\"138\"><h6><span style=\"color: #008080;\">PIPIRIG<\/span><\/h6><\/td><td width=\"84\"><h6><span style=\"color: #008080;\">194,52<\/span><\/h6><\/td><td width=\"82\"><h6><span style=\"color: #008080;\">7,20%<\/span><\/h6><\/td><\/tr><tr><td width=\"36\"><h6><span style=\"color: #008080;\">11.<\/span><\/h6><\/td><td width=\"120\"><h6><span style=\"color: #008080;\">Neam\u0163<\/span><\/h6><\/td><td width=\"115\"><h6><span style=\"color: #008080;\">123601<\/span><\/h6><\/td><td width=\"138\"><h6><span style=\"color: #008080;\">P\u00c2NG\u0102RA\u021aI<\/span><\/h6><\/td><td width=\"84\"><h6><span style=\"color: #008080;\">121,66<\/span><\/h6><\/td><td width=\"82\"><h6><span style=\"color: #008080;\">4,51%<\/span><\/h6><\/td><\/tr><tr><td width=\"36\"><h6><span style=\"color: #008080;\">12.<\/span><\/h6><\/td><td width=\"120\"><h6><span style=\"color: #008080;\">Neam\u0163<\/span><\/h6><\/td><td width=\"115\"><h6><span style=\"color: #008080;\">123790<\/span><\/h6><\/td><td width=\"138\"><h6><span style=\"color: #008080;\">POIANA TEIULUI<\/span><\/h6><\/td><td width=\"84\"><h6><span style=\"color: #008080;\">165,53<\/span><\/h6><\/td><td width=\"82\"><h6><span style=\"color: #008080;\">6,13%<\/span><\/h6><\/td><\/tr><tr><td width=\"36\"><h6><span style=\"color: #008080;\">13.<\/span><\/h6><\/td><td width=\"120\"><h6><span style=\"color: #008080;\">Neam\u0163<\/span><\/h6><\/td><td width=\"115\"><h6><span style=\"color: #008080;\">124493<\/span><\/h6><\/td><td width=\"138\"><h6><span style=\"color: #008080;\">TARC\u0102U<\/span><\/h6><\/td><td width=\"84\"><h6><span style=\"color: #008080;\">397,43<\/span><\/h6><\/td><td width=\"82\"><h6><span style=\"color: #008080;\">14,72%<\/span><\/h6><\/td><\/tr><tr><td width=\"36\"><h6><span style=\"color: #008080;\">14.<\/span><\/h6><\/td><td width=\"120\"><h6><span style=\"color: #008080;\">Neam\u0163<\/span><\/h6><\/td><td width=\"115\"><h6><span style=\"color: #008080;\">124563<\/span><\/h6><\/td><td width=\"138\"><h6><span style=\"color: #008080;\">TA\u0218CA<\/span><\/h6><\/td><td width=\"84\"><h6><span style=\"color: #008080;\">95,73<\/span><\/h6><\/td><td width=\"82\"><h6><span style=\"color: #008080;\">3,55%<\/span><\/h6><\/td><\/tr><tr><td width=\"36\"><h6><span style=\"color: #008080;\">15.<\/span><\/h6><\/td><td width=\"120\"><h6><span style=\"color: #008080;\">Neam\u0163<\/span><\/h6><\/td><td width=\"115\"><h6><span style=\"color: #008080;\">120968<\/span><\/h6><\/td><td width=\"138\"><h6><span style=\"color: #008080;\">BICAZ<\/span><\/h6><\/td><td width=\"84\"><h6><span style=\"color: #008080;\">133,71<\/span><\/h6><\/td><td width=\"82\"><h6><span style=\"color: #008080;\">4,95%<\/span><\/h6><\/td><\/tr><tr><td width=\"36\"><h6><span style=\"color: #008080;\">16.<\/span><\/h6><\/td><td width=\"120\"><h6><span style=\"color: #008080;\">Harghita<\/span><\/h6><\/td><td width=\"115\"><h6><span style=\"color: #008080;\">84148<\/span><\/h6><\/td><td width=\"138\"><h6><span style=\"color: #008080;\">CORBU<\/span><\/h6><\/td><td width=\"84\"><h6><span style=\"color: #008080;\">170,73<\/span><\/h6><\/td><td width=\"82\"><h6><span style=\"color: #008080;\">6,32%<\/span><\/h6><\/td><\/tr><tr><td width=\"36\"><h6><span style=\"color: #008080;\">17.<\/span><\/h6><\/td><td width=\"120\"><h6><span style=\"color: #008080;\">Harghita<\/span><\/h6><\/td><td width=\"115\"><h6><span style=\"color: #008080;\">86133<\/span><\/h6><\/td><td width=\"138\"><h6><span style=\"color: #008080;\">TULGHE\u0218<\/span><\/h6><\/td><td width=\"84\"><h6><span style=\"color: #008080;\">243,96<\/span><\/h6><\/td><td width=\"82\"><h6><span style=\"color: #008080;\">9,03%<\/span><\/h6><\/td><\/tr><tr><td colspan=\"4\" width=\"409\"><h6><span style=\"color: #008080;\"><strong>TOTAL<\/strong><\/span><\/h6><\/td><td width=\"84\"><p><strong>2.700,39<\/strong><\/p><\/td><td width=\"82\"><p><strong>100%<\/strong><\/p><\/td><\/tr><\/tbody><\/table>\t\t\t\t\t\t\t\t<\/div>\n\t\t\t\t<\/div>\n\t\t\t\t\t<\/div>\n\t\t\t\t<\/div>\n\t\t<div class=\"elementor-element elementor-element-02727e9 e-grid e-con-boxed e-con e-parent\" data-id=\"02727e9\" data-element_type=\"container\">\n\t\t\t\t\t<div class=\"e-con-inner\">\n\t\t\t\t<div class=\"elementor-element elementor-element-df8179b elementor-widget elementor-widget-text-editor\" data-id=\"df8179b\" data-element_type=\"widget\" data-widget_type=\"text-editor.default\">\n\t\t\t\t<div class=\"elementor-widget-container\">\n\t\t\t\t\t\t\t\t\t<p><span style=\"color: #339966;\">\u00a0\u00a0\u00a0\u00a0\u00a0\u00a0\u00a0\u00a0 Suprafa\u021ba total\u0103 a localit\u0103\u021bilor componente a GAL Ceahl\u0103u este de 2.700,39 kmp, reprezent\u00e2nd 38.77% din totalul suprafe\u021bei jude\u021bului Neam\u021b si 6.25% din totalul suprafe\u0163ei jude\u0163ului Harghita. Comuna Tarc\u0103u este localitatea cu cea mai mare suprafa\u021b\u0103 total\u0103 (397,43 kmp \u2013 14,72% din suprafa\u021ba GAL Ceahl\u0103u), \u00een timp ce comuna Farca\u0219a are cea mai scazut\u0103 suprafa\u021b\u0103 reprezent\u00e2nd doar 3,42% (92,37 km2) din total GAL Ceahl\u0103u.<\/span><br \/><span style=\"color: #339966;\">\u00a0\u00a0\u00a0\u00a0\u00a0\u00a0\u00a0\u00a0 Teritoriul Grupului de Ac\u021biune Local\u0103 Ceahl\u0103u este alc\u0103tuit \u00een cea mai mare parte din forma\u021biuni muntoase. Teritoriul GAL Ceahlau este situat in propor\u0163ie de 100% in zona Montan\u0103 conform Listei UAT-urilor din Zona Montan\u0103. \u00a0Zona joas\u0103 este limitat\u0103 de luncile \u0219i terasele apelor curg\u0103toare, aspect favorabil instal\u0103rii a\u0219ez\u0103rilor omene\u0219ti \u0219i terenurilor arabile.<\/span><br \/><span style=\"color: #339966;\">\u00a0\u00a0\u00a0\u00a0\u00a0\u00a0\u00a0\u00a0\u00a0 Din suprafa\u0163a total\u0103 de 2700,39 km.2 2566,68 km2 ( 95,05%) reprezeint\u0103 zona rural\u0103 a GAL Ceahl\u0103u, iar 133,71 km2 (4,95%) reprezint\u0103 zona urban\u0103.<\/span><br \/><span style=\"color: #339966;\">\u00a0\u00a0\u00a0\u00a0\u00a0\u00a0\u00a0\u00a0\u00a0 Fiind situat \u00een partea central\u0103 a Carpa\u021bilor Orientali, teritoriul GAL Ceahl\u0103u cuprinde mai multe masive muntoase cu caractere petrografice diferite: Mun\u021bii Bistritei (Vf. Budacu &#8211; 1859 m, Vf. Grin\u021bie\u0219 &#8211; 1758 m) (Vf. Batca Arsurilor \u2013 1385 m), Masivul Ceahl\u0103u, Mun\u021bii H\u0103\u0219ma\u0219ului, Mun\u021bii Tarc\u0103ului (Vf. Glodu &#8211; 1439 m).<\/span><\/p>\t\t\t\t\t\t\t\t<\/div>\n\t\t\t\t<\/div>\n\t\t\t\t\t<\/div>\n\t\t\t\t<\/div>\n\t\t\t\t<\/div>\n\t\t","protected":false},"excerpt":{"rendered":"<p>Teritoriul acoperit Suprafa\u021b\u0103: Nr. crt. Jude\u0163 Cod SIRUTA Localitate Km2 % GAL 1. Neam\u0163 121297 BICAZ-CHEI 97,72 3,62% 2. Neam\u0163 121340 BICAZU ARDELEAN 112,41 4,16% 3. Neam\u0163 121652 BORCA 204,22 [&hellip;]<\/p>\n","protected":false},"author":1,"featured_media":0,"parent":0,"menu_order":0,"comment_status":"closed","ping_status":"closed","template":"elementor_header_footer","meta":{"footnotes":""},"class_list":["post-2119","page","type-page","status-publish","hentry"],"_links":{"self":[{"href":"https:\/\/new.gal-ceahlau.ro\/index.php\/wp-json\/wp\/v2\/pages\/2119","targetHints":{"allow":["GET"]}}],"collection":[{"href":"https:\/\/new.gal-ceahlau.ro\/index.php\/wp-json\/wp\/v2\/pages"}],"about":[{"href":"https:\/\/new.gal-ceahlau.ro\/index.php\/wp-json\/wp\/v2\/types\/page"}],"author":[{"embeddable":true,"href":"https:\/\/new.gal-ceahlau.ro\/index.php\/wp-json\/wp\/v2\/users\/1"}],"replies":[{"embeddable":true,"href":"https:\/\/new.gal-ceahlau.ro\/index.php\/wp-json\/wp\/v2\/comments?post=2119"}],"version-history":[{"count":10,"href":"https:\/\/new.gal-ceahlau.ro\/index.php\/wp-json\/wp\/v2\/pages\/2119\/revisions"}],"predecessor-version":[{"id":2523,"href":"https:\/\/new.gal-ceahlau.ro\/index.php\/wp-json\/wp\/v2\/pages\/2119\/revisions\/2523"}],"wp:attachment":[{"href":"https:\/\/new.gal-ceahlau.ro\/index.php\/wp-json\/wp\/v2\/media?parent=2119"}],"curies":[{"name":"wp","href":"https:\/\/api.w.org\/{rel}","templated":true}]}}