{"id":2113,"date":"2024-10-21T09:15:57","date_gmt":"2024-10-21T09:15:57","guid":{"rendered":"https:\/\/new.gal-ceahlau.ro\/?page_id=2113"},"modified":"2026-03-16T10:42:29","modified_gmt":"2026-03-16T10:42:29","slug":"acord-de-parteneriat-2023-2027","status":"publish","type":"page","link":"https:\/\/new.gal-ceahlau.ro\/index.php\/acord-de-parteneriat-2023-2027\/","title":{"rendered":"Acord de parteneriat 2023-2027"},"content":{"rendered":"\t\t<div data-elementor-type=\"wp-page\" data-elementor-id=\"2113\" class=\"elementor elementor-2113\">\n\t\t\t\t<div class=\"elementor-element elementor-element-6feebbf8 e-flex e-con-boxed e-con e-parent\" data-id=\"6feebbf8\" data-element_type=\"container\" data-settings=\"{&quot;background_background&quot;:&quot;classic&quot;}\">\n\t\t\t\t\t<div class=\"e-con-inner\">\n\t\t\t\t<div class=\"elementor-element elementor-element-1ba618c6 elementor-widget elementor-widget-heading\" data-id=\"1ba618c6\" data-element_type=\"widget\" data-widget_type=\"heading.default\">\n\t\t\t\t<div class=\"elementor-widget-container\">\n\t\t\t\t\t<h2 class=\"elementor-heading-title elementor-size-default\">Acord de parteneriat 2023-2027<\/h2>\t\t\t\t<\/div>\n\t\t\t\t<\/div>\n\t\t\t\t\t<\/div>\n\t\t\t\t<\/div>\n\t\t<div class=\"elementor-element elementor-element-86c0193 e-flex e-con-boxed e-con e-parent\" data-id=\"86c0193\" data-element_type=\"container\">\n\t\t\t\t\t<div class=\"e-con-inner\">\n\t\t\t\t<div class=\"elementor-element elementor-element-743776c elementor-widget elementor-widget-text-editor\" data-id=\"743776c\" data-element_type=\"widget\" data-widget_type=\"text-editor.default\">\n\t\t\t\t<div class=\"elementor-widget-container\">\n\t\t\t\t\t\t\t\t\t<h2><a href=\"https:\/\/new.gal-ceahlau.ro\/wp-content\/uploads\/2024\/11\/Anexa-4-Acordul-de-parteneriat.pdf\" data-wplink-edit=\"true\">Anexa 4- Acordul de parteneriat<\/a><\/h2>\t\t\t\t\t\t\t\t<\/div>\n\t\t\t\t<\/div>\n\t\t\t\t\t<\/div>\n\t\t\t\t<\/div>\n\t\t<div class=\"elementor-element elementor-element-9fa39f9 e-flex e-con-boxed e-con e-parent\" data-id=\"9fa39f9\" data-element_type=\"container\">\n\t\t\t\t\t<div class=\"e-con-inner\">\n\t\t\t\t<div class=\"elementor-element elementor-element-d5af5c6 elementor-widget elementor-widget-text-editor\" data-id=\"d5af5c6\" data-element_type=\"widget\" data-widget_type=\"text-editor.default\">\n\t\t\t\t<div class=\"elementor-widget-container\">\n\t\t\t\t\t\t\t\t\t<div class=\"x11i5rnm xat24cr x1mh8g0r x1vvkbs xtlvy1s x126k92a\"><div dir=\"auto\" style=\"text-align: left;\"><p style=\"text-align: left;\"><strong>Organele de conducere ale Asocia\u021biei Grupul de Ac\u021biune Local\u0103 Ceahl\u0103u<\/strong><\/p><p style=\"text-align: left;\"><span style=\"color: #339966;\"><strong>Adunarea General\u0103:<\/strong><\/span> constituit\u0103 din to\u021bi membrii Asocia\u021biei, semnatari ai Acordului de parteneriat<\/p><span style=\"color: #339966;\"><strong>Consiliul Director<\/strong><\/span>:<\/div><div dir=\"auto\" style=\"text-align: left;\">Cernat Ioan \u2013 pre\u0219edinte<\/div><div dir=\"auto\" style=\"text-align: left;\">Anastasiei Ion- vicepre\u0219edinte<\/div><div dir=\"auto\" style=\"text-align: left;\">Linu Liliana- secretar<\/div><div dir=\"auto\" style=\"text-align: left;\">Lupu Andreea &#8211; membru<\/div><div dir=\"auto\" style=\"text-align: left;\">Ni\u021b\u0103 Geo-Ovidiu &#8211; membru<\/div><div dir=\"auto\" style=\"text-align: left;\">B\u00eeia Petru- membru<\/div><div dir=\"auto\" style=\"text-align: left;\">T\u0103nas\u0103 Petric\u0103- membru<\/div><\/div>\t\t\t\t\t\t\t\t<\/div>\n\t\t\t\t<\/div>\n\t\t\t\t\t<\/div>\n\t\t\t\t<\/div>\n\t\t\t\t<\/div>\n\t\t","protected":false},"excerpt":{"rendered":"<p>Acord de parteneriat 2023-2027 Anexa 4- Acordul de parteneriat Organele de conducere ale Asocia\u021biei Grupul de Ac\u021biune Local\u0103 Ceahl\u0103u Adunarea General\u0103: constituit\u0103 din to\u021bi membrii Asocia\u021biei, semnatari ai Acordului de [&hellip;]<\/p>\n","protected":false},"author":1,"featured_media":0,"parent":0,"menu_order":0,"comment_status":"closed","ping_status":"closed","template":"elementor_header_footer","meta":{"footnotes":""},"class_list":["post-2113","page","type-page","status-publish","hentry"],"_links":{"self":[{"href":"https:\/\/new.gal-ceahlau.ro\/index.php\/wp-json\/wp\/v2\/pages\/2113","targetHints":{"allow":["GET"]}}],"collection":[{"href":"https:\/\/new.gal-ceahlau.ro\/index.php\/wp-json\/wp\/v2\/pages"}],"about":[{"href":"https:\/\/new.gal-ceahlau.ro\/index.php\/wp-json\/wp\/v2\/types\/page"}],"author":[{"embeddable":true,"href":"https:\/\/new.gal-ceahlau.ro\/index.php\/wp-json\/wp\/v2\/users\/1"}],"replies":[{"embeddable":true,"href":"https:\/\/new.gal-ceahlau.ro\/index.php\/wp-json\/wp\/v2\/comments?post=2113"}],"version-history":[{"count":10,"href":"https:\/\/new.gal-ceahlau.ro\/index.php\/wp-json\/wp\/v2\/pages\/2113\/revisions"}],"predecessor-version":[{"id":3365,"href":"https:\/\/new.gal-ceahlau.ro\/index.php\/wp-json\/wp\/v2\/pages\/2113\/revisions\/3365"}],"wp:attachment":[{"href":"https:\/\/new.gal-ceahlau.ro\/index.php\/wp-json\/wp\/v2\/media?parent=2113"}],"curies":[{"name":"wp","href":"https:\/\/api.w.org\/{rel}","templated":true}]}}